{"id":7,"date":"2014-06-07T12:35:06","date_gmt":"2014-06-07T11:35:06","guid":{"rendered":"https:\/\/parolesdebb.com\/?page_id=7"},"modified":"2026-01-18T23:28:09","modified_gmt":"2026-01-18T22:28:09","slug":"entre-papas","status":"publish","type":"page","link":"https:\/\/parolesdebb.com\/?page_id=7","title":{"rendered":"Nos Activit\u00e9s et rencontres"},"content":{"rendered":"<h2><span style=\"color: #ff6600;\">Nos animatrices form\u00e9es proposent diff\u00e9rents ateliers :<\/span><\/h2>\n<p>Les dates sont consultables dans l&rsquo;agenda. Sur inscription via HelloAsso (<a href=\"https:\/\/www.helloasso.com\/associations\/paroles-de-bb\">https:\/\/www.helloasso.com\/associations\/paroles-de-bb<\/a>) et renseignements par mail \u00e0 : parolesdebb@gmail.com<\/p>\n<h3><span style=\"color: #ff6600;\"><strong><em><a style=\"color: #ff6600;\" title=\"Portage de b\u00e9b\u00e9\" href=\"https:\/\/parolesdebb.com\/?page_id=165\">Portage de b\u00e9b\u00e9 (Marjorie):<\/a><\/em><\/strong><\/span><\/h3>\n<h3><strong>Apprentissage des techniques pour porter son b\u00e9b\u00e9 en \u00e9charpe ou en porte-b\u00e9b\u00e9 physiologique (d\u00e8s la grossesse)<\/strong><\/h3>\n<p>Pour garantir la qualit\u00e9 des \u00e9changes, l&rsquo;atelier est organis\u00e9 en tout petit groupe (2 ou 3 familles maximum). S\u00e9ance de 2h \u00e0 15\u20ac par famille avec pr\u00eat d&rsquo;une \u00e9charpe pendant une semaine (contre ch\u00e8que de caution).<\/p>\n<h3><span style=\"color: #ff6600;\"><strong><em><a style=\"color: #ff6600;\" title=\"Moments musicaux\" href=\"https:\/\/parolesdebb.com\/?page_id=944\">Eveil musical <\/a>(\u00e0 venir) :<\/em><\/strong><\/span><\/h3>\n<p><strong>\u00c9veiller la curiosit\u00e9 musicale de votre petit (3 mois &#8211; 3 ans). <\/strong>C\u2019est un moment o\u00f9 l\u2019enfant d\u00e9couvre et explore la musique \u00e0 son rythme.<\/p>\n<h3><span style=\"color: #ff6600;\"><strong>Chant pr\u00e9natal (sur demande) : <\/strong><\/span><\/h3>\n<p><strong>Apporter du bien-\u00eatre \u00e0 la maman pendant la grossesse. <\/strong>Cr\u00e9er un lien avec le b\u00e9b\u00e9, apporter des sons (les sons graves aident \u00e0 assouplir le p\u00e9rin\u00e9e), des postures qui aident pour l&rsquo;accouchement, Aider \u00e0 l&rsquo;accueil du b\u00e9b\u00e9 ( portages, chansons, &#8230;).<\/p>\n<h3><strong><span style=\"color: #ff6600;\">Baby Yoga (Pauline) :<\/span> <\/strong><\/h3>\n<p><strong>Savez-vous que vos b\u00e9b\u00e9s sont de vrais petits yogis en herbe ? <\/strong>Venez partager un moment de complicit\u00e9 avec b\u00e9b\u00e9, guid\u00e9s par les conseils de Pauline pour d\u00e9couvrir quelques positions de yoga adapt\u00e9es \u00e0 b\u00e9b\u00e9. Deux tranches d&rsquo;\u00e2ge propos\u00e9es : b\u00e9b\u00e9s \u00e2g\u00e9s d&rsquo;1 mois jusqu&rsquo;\u00e0 7 mois, puis b\u00e9b\u00e9s de 8 \u00e0 14 mois. Tarif pour une s\u00e9ance:\u00a0 15\u20ac.<\/p>\n<h3><strong><em><span style=\"color: #ff6600;\"><a style=\"color: #ff6600;\" title=\"Signe avec b\u00e9b\u00e9\" href=\"https:\/\/parolesdebb.com\/?page_id=159\">Signe avec b\u00e9b\u00e9<\/a> (en suspens):<\/span><br \/>\n<\/em><\/strong><\/h3>\n<p><strong>La communication gestuelle associ\u00e9e \u00e0 la parole et l&rsquo;\u00e9veil corporel pour b\u00e9b\u00e9s et jeunes enfants. <\/strong><\/p>\n<p><!--StartFragment--><\/p>\n<h3><span style=\"color: #ff6600;\"><strong>Sophrologie pour adultes et enfants (Blandine) :<\/strong><\/span><\/h3>\n<p><strong>Faire une pause dans votre quotidien, apprendre \u00e0 g\u00e9rer son stress et ses \u00e9motions, prendre du temps pour se ressourcer. <\/strong>Et pour les enfants : l<span id=\"yui_3_16_0_ym19_1_1474723118964_3673\" class=\"yiv1651038109_3oh-\"><span id=\"yui_3_16_0_ym19_1_1474723118964_3672\">a sophrologie, version ludique, adapt\u00e9e aux enfants pour <strong>stimuler leur confiance, am\u00e9liorer leur concentration et g\u00e9rer leurs \u00e9motions<\/strong>.<\/span><\/span><strong><br \/>\n<\/strong><\/p>\n<p>Avec Blandine, sophrologue certifi\u00e9e RNCP. Nous contacter pour les dates et tarifs.<\/p>\n<p><!--StartFragment--><\/p>\n<p><!--EndFragment--><\/p>\n<p><!--EndFragment--><\/p>\n<p><!--EndFragment--><\/p>\n<h3><span style=\"color: #ff6600;\">Massage b\u00e9b\u00e9 (Pauline):<\/span><\/h3>\n<p>Apprendre \u00e0 masser son b\u00e9b\u00e9.<em><br \/>\n<\/em><\/p>\n<h3><span style=\"color: #ff6600;\">Balade ou caf\u00e9 causette :<\/span><\/h3>\n<p>L&rsquo;occasion d&rsquo;\u00e9changer entre parents, de trouver de l&rsquo;\u00e9coute, de se sentir moins seul ou simplement de sortir prendre l&rsquo;air. Les enfants et b\u00e9b\u00e9s sont toujours les bienvenus, et on s&rsquo;adapte \u00e0 leur rythme. En hiver nous proposons des \u00e9changes autour d&rsquo;une boisson chaude, et en \u00e9t\u00e9 plut\u00f4t des balades adapt\u00e9es aux poussettes bien s\u00fbr \ud83d\ude09<\/p>\n<p>Gratuit, \u00e0 Ouzouer-sur-Loire, Dampierre ou \u00e0 Gien (port au bois).<\/p>\n<h3><span style=\"color: #ff6600;\">Rencontre allaitement:<\/span><\/h3>\n<p>Un lieu privil\u00e9gi\u00e9 pour maman et b\u00e9b\u00e9 (ou pendant la grossesse), pour \u00e9changer autour de l&rsquo;allaitement : partager son exp\u00e9rience, recevoir des informations o\u00f9 conseils de maman qui ont d\u00e9j\u00e0 l&rsquo;exp\u00e9rience de l&rsquo;allaitement, par nos b\u00e9n\u00e9voles form\u00e9es. Gratuit, coussins d&rsquo;allaitement et canap\u00e9 \u00e0 disposition.<a href=\"https:\/\/parolesdebb.com\/wp-content\/uploads\/2014\/06\/causette960-e1406572061940.jpg\"><img loading=\"lazy\" decoding=\"async\" class=\"size-medium wp-image-37 aligncenter\" src=\"https:\/\/parolesdebb.com\/wp-content\/uploads\/2014\/06\/causette960-300x166.jpg\" alt=\"causette960\" width=\"300\" height=\"166\" \/><\/a><\/p>\n","protected":false},"excerpt":{"rendered":"<p>Nos animatrices form\u00e9es proposent diff\u00e9rents ateliers : Les dates sont consultables dans l&rsquo;agenda. Sur inscription via HelloAsso (https:\/\/www.helloasso.com\/associations\/paroles-de-bb) et renseignements par mail \u00e0 : parolesdebb@gmail.com Portage de b\u00e9b\u00e9 (Marjorie): Apprentissage des techniques pour porter son b\u00e9b\u00e9 en \u00e9charpe ou en porte-b\u00e9b\u00e9 physiologique (d\u00e8s la grossesse) Pour garantir la qualit\u00e9 des \u00e9changes, l&rsquo;atelier est organis\u00e9 en [&hellip;]<\/p>\n","protected":false},"author":3,"featured_media":0,"parent":0,"menu_order":0,"comment_status":"closed","ping_status":"closed","template":"","meta":{"footnotes":""},"class_list":["post-7","page","type-page","status-publish","hentry"],"_links":{"self":[{"href":"https:\/\/parolesdebb.com\/index.php?rest_route=\/wp\/v2\/pages\/7","targetHints":{"allow":["GET"]}}],"collection":[{"href":"https:\/\/parolesdebb.com\/index.php?rest_route=\/wp\/v2\/pages"}],"about":[{"href":"https:\/\/parolesdebb.com\/index.php?rest_route=\/wp\/v2\/types\/page"}],"author":[{"embeddable":true,"href":"https:\/\/parolesdebb.com\/index.php?rest_route=\/wp\/v2\/users\/3"}],"replies":[{"embeddable":true,"href":"https:\/\/parolesdebb.com\/index.php?rest_route=%2Fwp%2Fv2%2Fcomments&post=7"}],"version-history":[{"count":84,"href":"https:\/\/parolesdebb.com\/index.php?rest_route=\/wp\/v2\/pages\/7\/revisions"}],"predecessor-version":[{"id":1380,"href":"https:\/\/parolesdebb.com\/index.php?rest_route=\/wp\/v2\/pages\/7\/revisions\/1380"}],"wp:attachment":[{"href":"https:\/\/parolesdebb.com\/index.php?rest_route=%2Fwp%2Fv2%2Fmedia&parent=7"}],"curies":[{"name":"wp","href":"https:\/\/api.w.org\/{rel}","templated":true}]}}