{"id":22,"date":"2013-03-20T15:12:29","date_gmt":"2013-03-20T15:12:29","guid":{"rendered":"http:\/\/wp.red-sky.pl\/wordpress\/teslawp\/?page_id=22"},"modified":"2026-01-18T23:07:24","modified_gmt":"2026-01-18T22:07:24","slug":"home-page","status":"publish","type":"page","link":"https:\/\/parolesdebb.com\/","title":{"rendered":"Accueil"},"content":{"rendered":"\n<p>L\u2019association ParolesdeBB est n\u00e9e en 2014 pour informer, \u00e9changer et partager les exp\u00e9riences entre les parents et futurs parents sur les th\u00e8mes de la parentalit\u00e9: la grossesse, la naissance, l\u2019allaitement maternel, le portage\u2026 Des ateliers sont aussi propos\u00e9s pour les jeunes parents et leur b\u00e9b\u00e9: \u00e9veil musical, massage b\u00e9b\u00e9, b\u00e9b\u00e9 signe.<\/p>\n\n\n\n<figure class=\"wp-block-image size-large\"><a href=\"https:\/\/parolesdebb.com\/wp-content\/uploads\/2026\/01\/IMG-20260118-WA0001_recadree_2.jpg\"><img loading=\"lazy\" decoding=\"async\" width=\"1024\" height=\"415\" src=\"https:\/\/parolesdebb.com\/wp-content\/uploads\/2026\/01\/IMG-20260118-WA0001_recadree_2-1024x415.jpg\" alt=\"\" class=\"wp-image-1377\" srcset=\"https:\/\/parolesdebb.com\/wp-content\/uploads\/2026\/01\/IMG-20260118-WA0001_recadree_2-1024x415.jpg 1024w, https:\/\/parolesdebb.com\/wp-content\/uploads\/2026\/01\/IMG-20260118-WA0001_recadree_2-300x122.jpg 300w, https:\/\/parolesdebb.com\/wp-content\/uploads\/2026\/01\/IMG-20260118-WA0001_recadree_2-768x312.jpg 768w, https:\/\/parolesdebb.com\/wp-content\/uploads\/2026\/01\/IMG-20260118-WA0001_recadree_2-624x253.jpg 624w, https:\/\/parolesdebb.com\/wp-content\/uploads\/2026\/01\/IMG-20260118-WA0001_recadree_2.jpg 1494w\" sizes=\"auto, (max-width: 1024px) 100vw, 1024px\" \/><\/a><\/figure>\n\n\n<p>Depuis, l&rsquo;association a grandi et propose maintenant des ateliers pour les plus grands, de la sophrologie, du yoga, des ateliers cr\u00e9atifs et bien d&rsquo;autres choses \u00e0 d\u00e9couvrir.<\/p>\n<p>Notre but est de favoriser les relations parents-enfants en leur apportant aide et soutien, mais aussi de permettre aux parents de sortir de l\u2019isolement. Venez nous rencontrer !<\/p>\n<p>Lien d&rsquo;inscription aux diff\u00e9rents ateliers ci dessous :\u00a0<\/p>\n\n\n<p><a href=\"https:\/\/www.helloasso.com\/associations\/paroles-de-bb\">https:\/\/www.helloasso.com\/associations\/paroles-de-bb<\/a><\/p>\n\n\n\n<figure class=\"wp-block-gallery has-nested-images columns-default is-cropped wp-block-gallery-1 is-layout-flex wp-block-gallery-is-layout-flex\">\n<figure class=\"wp-block-image size-large\"><a href=\"https:\/\/parolesdebb.com\/wp-content\/uploads\/2023\/01\/cropped-test_banniere.jpg\"><img loading=\"lazy\" decoding=\"async\" width=\"1920\" height=\"500\" data-id=\"1269\" src=\"https:\/\/parolesdebb.com\/wp-content\/uploads\/2023\/01\/cropped-test_banniere.jpg\" alt=\"\" class=\"wp-image-1269\" srcset=\"https:\/\/parolesdebb.com\/wp-content\/uploads\/2023\/01\/cropped-test_banniere.jpg 1920w, https:\/\/parolesdebb.com\/wp-content\/uploads\/2023\/01\/cropped-test_banniere-300x78.jpg 300w, https:\/\/parolesdebb.com\/wp-content\/uploads\/2023\/01\/cropped-test_banniere-1024x267.jpg 1024w, https:\/\/parolesdebb.com\/wp-content\/uploads\/2023\/01\/cropped-test_banniere-768x200.jpg 768w, https:\/\/parolesdebb.com\/wp-content\/uploads\/2023\/01\/cropped-test_banniere-1536x400.jpg 1536w, https:\/\/parolesdebb.com\/wp-content\/uploads\/2023\/01\/cropped-test_banniere-624x163.jpg 624w\" sizes=\"auto, (max-width: 1920px) 100vw, 1920px\" \/><\/a><\/figure>\n<figcaption class=\"blocks-gallery-caption wp-element-caption\">Salle des toits bleus, \u00e0 Ouzouer-sur-Loire<\/figcaption><\/figure>\n","protected":false},"excerpt":{"rendered":"<p>L\u2019association ParolesdeBB est n\u00e9e en 2014 pour informer, \u00e9changer et partager les exp\u00e9riences entre les parents et futurs parents sur les th\u00e8mes de la parentalit\u00e9: la grossesse, la naissance, l\u2019allaitement maternel, le portage\u2026 Des ateliers sont aussi propos\u00e9s pour les jeunes parents et leur b\u00e9b\u00e9: \u00e9veil musical, massage b\u00e9b\u00e9, b\u00e9b\u00e9 signe. Depuis, l&rsquo;association a grandi [&hellip;]<\/p>\n","protected":false},"author":3,"featured_media":0,"parent":0,"menu_order":0,"comment_status":"closed","ping_status":"closed","template":"","meta":{"footnotes":""},"class_list":["post-22","page","type-page","status-publish","hentry"],"_links":{"self":[{"href":"https:\/\/parolesdebb.com\/index.php?rest_route=\/wp\/v2\/pages\/22","targetHints":{"allow":["GET"]}}],"collection":[{"href":"https:\/\/parolesdebb.com\/index.php?rest_route=\/wp\/v2\/pages"}],"about":[{"href":"https:\/\/parolesdebb.com\/index.php?rest_route=\/wp\/v2\/types\/page"}],"author":[{"embeddable":true,"href":"https:\/\/parolesdebb.com\/index.php?rest_route=\/wp\/v2\/users\/3"}],"replies":[{"embeddable":true,"href":"https:\/\/parolesdebb.com\/index.php?rest_route=%2Fwp%2Fv2%2Fcomments&post=22"}],"version-history":[{"count":13,"href":"https:\/\/parolesdebb.com\/index.php?rest_route=\/wp\/v2\/pages\/22\/revisions"}],"predecessor-version":[{"id":1378,"href":"https:\/\/parolesdebb.com\/index.php?rest_route=\/wp\/v2\/pages\/22\/revisions\/1378"}],"wp:attachment":[{"href":"https:\/\/parolesdebb.com\/index.php?rest_route=%2Fwp%2Fv2%2Fmedia&parent=22"}],"curies":[{"name":"wp","href":"https:\/\/api.w.org\/{rel}","templated":true}]}}