{"id":165,"date":"2014-07-28T09:53:41","date_gmt":"2014-07-28T08:53:41","guid":{"rendered":"https:\/\/parolesdebb.com\/?page_id=165"},"modified":"2022-07-25T17:16:18","modified_gmt":"2022-07-25T16:16:18","slug":"atelier-de-portage","status":"publish","type":"page","link":"https:\/\/parolesdebb.com\/?page_id=165","title":{"rendered":"Portage de b\u00e9b\u00e9"},"content":{"rendered":"<h2 style=\"text-align: left;\"><em><span style=\"color: #993300;\">Pourquoi \u00a0porter b\u00e9b\u00e9 ? \u00a0 \u00a0<\/span> \u00a0 \u00a0 \u00a0 \u00a0 \u00a0 \u00a0 \u00a0 \u00a0 \u00a0 \u00a0 \u00a0 \u00a0 \u00a0 \u00a0 \u00a0 \u00a0 \u00a0 \u00a0 <img loading=\"lazy\" decoding=\"async\" class=\"size-medium wp-image-1008 alignright\" src=\"https:\/\/parolesdebb.com\/wp-content\/uploads\/2014\/07\/20151006_102719-flout\u00e9-300x168.jpg\" alt=\"20151006_102719 flout\u00e9\" width=\"300\" height=\"168\" srcset=\"https:\/\/parolesdebb.com\/wp-content\/uploads\/2014\/07\/20151006_102719-flout\u00e9-300x168.jpg 300w, https:\/\/parolesdebb.com\/wp-content\/uploads\/2014\/07\/20151006_102719-flout\u00e9-1024x576.jpg 1024w, https:\/\/parolesdebb.com\/wp-content\/uploads\/2014\/07\/20151006_102719-flout\u00e9.jpg 2048w\" sizes=\"auto, (max-width: 300px) 100vw, 300px\" \/>\u00a0 \u00a0 \u00a0 \u00a0 \u00a0 \u00a0 \u00a0 \u00a0 \u00a0 \u00a0 \u00a0 \u00a0 \u00a0 \u00a0 \u00a0 \u00a0 \u00a0 \u00a0 \u00a0 \u00a0 \u00a0 \u00a0 \u00a0 \u00a0 \u00a0 \u00a0 \u00a0 \u00a0 \u00a0 \u00a0 \u00a0 \u00a0 \u00a0 \u00a0 \u00a0 \u00a0\u00a0 \u00a0 \u00a0 \u00a0 \u00a0 \u00a0 \u00a0 \u00a0 \u00a0 \u00a0 \u00a0 \u00a0 \u00a0 \u00a0 \u00a0 \u00a0 \u00a0 \u00a0 \u00a0 \u00a0 \u00a0 \u00a0 \u00a0<\/em><\/h2>\n<div class=\"entry-content\">\n<h4><strong>Porter son enfant en \u00e9charpe permet d\u2019\u00eatre en contact avec lui, d\u2019apprendre \u00e0 le conna\u00eetre et le comprendre au plus pr\u00e8s, de le faire participer \u00e0 la vie quotidienne<br \/>\n<\/strong><\/h4>\n<p style=\"text-align: justify;\">Le portage respecte le bon d\u00e9veloppement du corps de l\u2019enfant lorsque l\u2019\u00e9charpe est bien ajust\u00e9e et que le dos du b\u00e9b\u00e9 est fermement maintenu.<\/p>\n<p>Le portage stimule aussi le d\u00e9veloppement sensoriel et cognitif de l\u2019enfant; il est, en outre, un moyen efficace pour pr\u00e9venir les probl\u00e8mes de dysplasie de la hanche chez les tout-petits.<\/p>\n<p><strong>Durant la s\u00e9ance, vous d\u00e9couvrirez les diff\u00e9rents types d&rsquo;\u00e9charpe de portage : tiss\u00e9e serg\u00e9-crois\u00e9, jersey, \u00e0 boucle, asiatique et pr\u00e9form\u00e9 physiologique. Nous parlerons de la position physiologique et les bienfaits du portage.<\/strong><\/p>\n<p><strong>S\u00e9ance de 1h30 \u00e0 15 \u20ac par foyer<\/strong><\/p>\n<p>L&rsquo;association vous pr\u00eatera une \u00e9charpe pour essayer \u00e0 la maison pendant une semaine en \u00e9change d&rsquo;une caution.<\/p>\n<p><strong>Marjorie sera heureuse de vous accueillir en atelier<\/strong><\/p>\n<h4><span style=\"text-decoration: underline; color: #ff6600;\"><strong><em>Notre portebbth\u00e8que :<\/em><\/strong><\/span><\/h4>\n<div>\n<div>\n<div>\n<div>\n<div>\n<div style=\"text-align: left;\">\n<div>\n<div>\n<div>\n<div>\n<div>\n<div>\n<address>&#8211; Mei tai Babylonia<\/address>\n<address>&#8211; Mei Tai Amazonia<\/address>\n<\/div>\n<\/div>\n<address>&#8211; JPMBB longue<\/address>\n<\/div>\n<address>&#8211; JPMBB basic<\/address>\n<\/div>\n<address>&#8211; JPMBB Sling<\/address>\n<\/div>\n<address>&#8211; Sling Colima\u00e7on et compagnie<\/address>\n<\/div>\n<address>&#8211; Sling Evobulle<\/address>\n<\/div>\n<address>&#8211; Echarpe tiss\u00e9 tricot slen<\/address>\n<\/div>\n<address>&#8211; Echarpe Ling Ling d&rsquo;amour<\/address>\n<\/div>\n<address>&#8211; Echarpe Storchenwiege 5,20 m<\/address>\n<address>&#8211; Echarpe Evobulle courte<\/address>\n<\/div>\n<address>&#8211; Pr\u00e9form\u00e9 Manduca<\/address>\n<\/div>\n<address>&#8211; Pr\u00e9form\u00e9 Boba 4g<\/address>\n<\/div>\n<address style=\"text-align: left;\">&#8211; Tonga<\/address>\n<address style=\"text-align: left;\">&#8211; Boba Air<\/address>\n<\/div>\n","protected":false},"excerpt":{"rendered":"<p>Pourquoi \u00a0porter b\u00e9b\u00e9 ? \u00a0 \u00a0 \u00a0 \u00a0 \u00a0 \u00a0 \u00a0 \u00a0 \u00a0 \u00a0 \u00a0 \u00a0 \u00a0 \u00a0 \u00a0 \u00a0 \u00a0 \u00a0 \u00a0 \u00a0 \u00a0 \u00a0 \u00a0 \u00a0 \u00a0 \u00a0 \u00a0 \u00a0 \u00a0 \u00a0 \u00a0 \u00a0 \u00a0 \u00a0 \u00a0 \u00a0 \u00a0 \u00a0 \u00a0 \u00a0 \u00a0 \u00a0 \u00a0 \u00a0 \u00a0 \u00a0 \u00a0 \u00a0 \u00a0 \u00a0 \u00a0 [&hellip;]<\/p>\n","protected":false},"author":3,"featured_media":0,"parent":7,"menu_order":2,"comment_status":"closed","ping_status":"closed","template":"","meta":{"footnotes":""},"class_list":["post-165","page","type-page","status-publish","hentry"],"_links":{"self":[{"href":"https:\/\/parolesdebb.com\/index.php?rest_route=\/wp\/v2\/pages\/165","targetHints":{"allow":["GET"]}}],"collection":[{"href":"https:\/\/parolesdebb.com\/index.php?rest_route=\/wp\/v2\/pages"}],"about":[{"href":"https:\/\/parolesdebb.com\/index.php?rest_route=\/wp\/v2\/types\/page"}],"author":[{"embeddable":true,"href":"https:\/\/parolesdebb.com\/index.php?rest_route=\/wp\/v2\/users\/3"}],"replies":[{"embeddable":true,"href":"https:\/\/parolesdebb.com\/index.php?rest_route=%2Fwp%2Fv2%2Fcomments&post=165"}],"version-history":[{"count":32,"href":"https:\/\/parolesdebb.com\/index.php?rest_route=\/wp\/v2\/pages\/165\/revisions"}],"predecessor-version":[{"id":1243,"href":"https:\/\/parolesdebb.com\/index.php?rest_route=\/wp\/v2\/pages\/165\/revisions\/1243"}],"up":[{"embeddable":true,"href":"https:\/\/parolesdebb.com\/index.php?rest_route=\/wp\/v2\/pages\/7"}],"wp:attachment":[{"href":"https:\/\/parolesdebb.com\/index.php?rest_route=%2Fwp%2Fv2%2Fmedia&parent=165"}],"curies":[{"name":"wp","href":"https:\/\/api.w.org\/{rel}","templated":true}]}}