{"id":130,"date":"2014-07-27T21:16:31","date_gmt":"2014-07-27T20:16:31","guid":{"rendered":"https:\/\/parolesdebb.com\/?page_id=130"},"modified":"2021-11-20T15:24:40","modified_gmt":"2021-11-20T14:24:40","slug":"agenda","status":"publish","type":"page","link":"https:\/\/parolesdebb.com\/?page_id=130","title":{"rendered":"Agenda"},"content":{"rendered":"<p><span style=\"color: #993300;\"><strong>Cliquer sur l&rsquo;\u00e9v\u00e8nement dans le tableau ci-dessous pour avoir les horaires et le lieu.<\/strong><\/span><\/p>\n<p><strong>Places limit\u00e9es pour les ateliers : r\u00e9servation via HelloAsso (<a href=\"https:\/\/www.helloasso.com\/associations\/paroles-de-bb\">https:\/\/www.helloasso.com\/associations\/paroles-de-bb<\/a>) ou parolesdebb@gmail.com<\/strong><\/p>\n<p><iframe loading=\"lazy\" style=\"border: solid 1px #777;\" src=\"https:\/\/www.google.com\/calendar\/embed?showTitle=0&amp;showPrint=0&amp;showCalendars=0&amp;showTz=0&amp;mode=AGENDA&amp;height=400&amp;wkst=2&amp;hl=fr&amp;bgcolor=%23FFFFFF&amp;src=parolesdebb%40gmail.com&amp;color=%2329527A&amp;ctz=Europe%2FParis\" width=\"690\" height=\"400\" frameborder=\"0\" scrolling=\"no\"><\/iframe><\/p>\n<p>&nbsp;<\/p>\n","protected":false},"excerpt":{"rendered":"<p>Cliquer sur l&rsquo;\u00e9v\u00e8nement dans le tableau ci-dessous pour avoir les horaires et le lieu. Places limit\u00e9es pour les ateliers : r\u00e9servation via HelloAsso (https:\/\/www.helloasso.com\/associations\/paroles-de-bb) ou parolesdebb@gmail.com &nbsp;<\/p>\n","protected":false},"author":3,"featured_media":0,"parent":0,"menu_order":0,"comment_status":"closed","ping_status":"closed","template":"","meta":{"footnotes":""},"class_list":["post-130","page","type-page","status-publish","hentry"],"_links":{"self":[{"href":"https:\/\/parolesdebb.com\/index.php?rest_route=\/wp\/v2\/pages\/130","targetHints":{"allow":["GET"]}}],"collection":[{"href":"https:\/\/parolesdebb.com\/index.php?rest_route=\/wp\/v2\/pages"}],"about":[{"href":"https:\/\/parolesdebb.com\/index.php?rest_route=\/wp\/v2\/types\/page"}],"author":[{"embeddable":true,"href":"https:\/\/parolesdebb.com\/index.php?rest_route=\/wp\/v2\/users\/3"}],"replies":[{"embeddable":true,"href":"https:\/\/parolesdebb.com\/index.php?rest_route=%2Fwp%2Fv2%2Fcomments&post=130"}],"version-history":[{"count":36,"href":"https:\/\/parolesdebb.com\/index.php?rest_route=\/wp\/v2\/pages\/130\/revisions"}],"predecessor-version":[{"id":1218,"href":"https:\/\/parolesdebb.com\/index.php?rest_route=\/wp\/v2\/pages\/130\/revisions\/1218"}],"wp:attachment":[{"href":"https:\/\/parolesdebb.com\/index.php?rest_route=%2Fwp%2Fv2%2Fmedia&parent=130"}],"curies":[{"name":"wp","href":"https:\/\/api.w.org\/{rel}","templated":true}]}}