{"id":1290,"date":"2023-12-05T21:35:26","date_gmt":"2023-12-05T20:35:26","guid":{"rendered":"https:\/\/parolesdebb.com\/?page_id=1290"},"modified":"2026-01-19T22:02:33","modified_gmt":"2026-01-19T21:02:33","slug":"qui-sommes-nous","status":"publish","type":"page","link":"https:\/\/parolesdebb.com\/?page_id=1290","title":{"rendered":"Qui sommes-nous ?"},"content":{"rendered":"\n<p>ParolesdeBB fonctionne gr\u00e2ce au <strong>travail collectif de b\u00e9n\u00e9voles et professionnelles <\/strong>que nous vous pr\u00e9sentons ici:<\/p>\n\n\n\n<p><\/p>\n\n\n<p>Monitrice de portage, doula et maman de 3 enfants, <span style=\"color: #ff00ff;\"><strong>Marjorie<\/strong><\/span> anime les ateliers portage et parfois les rencontres allaitement. Entre professionnalisme et l\u00e9g\u00e8ret\u00e9, elle pourrait passer des heures \u00e0 vous raconter ses histoires extraordinaires de maman ordinaire, et mettra pourtant un point d&rsquo;honneur \u00e0 \u00e9couter les v\u00f4tres. Un rayon de soleil.<\/p>\n<p>Le dynamisme et l&rsquo;enthousiasme de <span style=\"color: #00ccff;\"><strong>Pia<\/strong><\/span> vous mettra tout de suite \u00e0 l&rsquo;aise. Sans trouver de solutions magiques aux petits tracas de la parentalit\u00e9, Pia apporte toujours une bonne dose d&rsquo;optimisme et de motivation. Lors des caf\u00e9\/ballades causette elle saura pr\u00eater une oreille attentive \u00e0 vos histoires et partager les siennes avec authenticit\u00e9. R\u00e9cemment \u00e9lue pr\u00e9sidente de l&rsquo;association, elle donne un nouvel \u00e9lan \u00e0 nos animations et \u00e0 toute l&rsquo;\u00e9quipe. Force de propositions et \u00e0 l&rsquo;\u00e9coute des initiatives, elle est un moteur pour cr\u00e9er une synergie autour du soutien aux parents.<\/p>\n<p class=\"western\" align=\"left\">Maman d&rsquo;un petit gar\u00e7on et enseignante, <strong><span style=\"color: #000080;\">Marion<\/span><\/strong>, est dynamique, souriante et motiv\u00e9e. Elle organise r\u00e9guli\u00e8rement des balades causettes et \u0153uvre dans l\u2019ombre pour nous aider \u00e0 communiquer sur les r\u00e9seaux. Vous pourrez aussi la croiser lors d&rsquo;ateliers en tant que participante, ainsi qu\u2019avec son Ukul\u00e9l\u00e9.<\/p>\n<p><span style=\"color: #ff8000;\"><b>Pauline<\/b><\/span>, maman de deux adorables petits gar\u00e7ons, est une ancienne avocate reconvertie doula qui pr\u00f4ne l&rsquo;\u00e9coute, l&#8217;empathie et les fous rires. Elle a \u00e0 c\u0153ur de prendre soin de la relation maman-b\u00e9b\u00e9 et elle s&rsquo;est tout particuli\u00e8rement form\u00e9e au baby yoga et massage b\u00e9b\u00e9 pour pouvoir faire partager ses savoirs avec d&rsquo;autres parents. Pauline appr\u00e9cie les joies de la nature. Passer un moment en sa compagnie, c&rsquo;est \u00eatre s\u00fbr de passer un bon moment.<\/p>\n<p class=\"western\" align=\"left\">Une maman, une infirmi\u00e8re sophrologue pleine de bienveillance, <span style=\"color: #800080;\"><strong>Blandine<\/strong> <\/span>est une bulle de bien-\u00eatre. A l&rsquo;\u00e9coute, elle vous fera cheminer vers le meilleur de vous-m\u00eame. Elle anime des s\u00e9ances de sophrologie en groupe \u00e0 destination des parents, ainsi que des groupes d\u2019enfants ponctuellement.<\/p>\n<p><br \/>Maman de deux adorables enfants, <span style=\"color: #3366ff;\"><strong>Cassandra<\/strong><\/span> anime les ateliers cr\u00e9atifs aux c\u00f4t\u00e9s de Julie. Ensemble, elles forment un duo complice et dynamique, anim\u00e9 par l\u2019envie de partager, cr\u00e9er et transmettre dans une ambiance chaleureuse et bienveillante. Investie et attentive, Cassandra apporte sa douceur et son enthousiasme \u00e0 chaque atelier, contribuant \u00e0 offrir aux enfants (et \u00e0 leurs parents) de beaux moments de cr\u00e9ativit\u00e9 et de convivialit\u00e9.<\/p>\n<p><span style=\"color: #000000;\">Toujours pleine d\u2019id\u00e9es, <span style=\"color: #1be07e;\"><strong>Julie<\/strong><\/span> d\u00e9borde d\u2019imagination et sait rendre chaque atelier vivant et inspirant. Elle donne beaucoup de son temps, avec g\u00e9n\u00e9rosit\u00e9, pour faire plaisir aux enfants (et aux parents !). Julie <\/span>est maman de deux enfants, et bient\u00f4t trois. Elle anime les ateliers cr\u00e9atifs en bin\u00f4me avec Cassandra, avec beaucoup d\u2019\u00e9nergie et de bienveillance.<\/p>\n\n\n<figure class=\"wp-block-image size-large\"><a href=\"https:\/\/parolesdebb.com\/wp-content\/uploads\/2024\/01\/benevoles2-scaled.jpg\"><img loading=\"lazy\" decoding=\"async\" width=\"1024\" height=\"282\" src=\"https:\/\/parolesdebb.com\/wp-content\/uploads\/2024\/01\/benevoles2-1024x282.jpg\" alt=\"\" class=\"wp-image-1369\" srcset=\"https:\/\/parolesdebb.com\/wp-content\/uploads\/2024\/01\/benevoles2-1024x282.jpg 1024w, https:\/\/parolesdebb.com\/wp-content\/uploads\/2024\/01\/benevoles2-300x83.jpg 300w, https:\/\/parolesdebb.com\/wp-content\/uploads\/2024\/01\/benevoles2-768x211.jpg 768w, https:\/\/parolesdebb.com\/wp-content\/uploads\/2024\/01\/benevoles2-1536x423.jpg 1536w, https:\/\/parolesdebb.com\/wp-content\/uploads\/2024\/01\/benevoles2-2048x564.jpg 2048w, https:\/\/parolesdebb.com\/wp-content\/uploads\/2024\/01\/benevoles2-624x172.jpg 624w\" sizes=\"auto, (max-width: 1024px) 100vw, 1024px\" \/><\/a><figcaption class=\"wp-element-caption\">B\u00e9n\u00e9voles lors des portes ouvertes en mai 2023<\/figcaption><\/figure>\n","protected":false},"excerpt":{"rendered":"<p>ParolesdeBB fonctionne gr\u00e2ce au travail collectif de b\u00e9n\u00e9voles et professionnelles que nous vous pr\u00e9sentons ici: Monitrice de portage, doula et maman de 3 enfants, Marjorie anime les ateliers portage et parfois les rencontres allaitement. Entre professionnalisme et l\u00e9g\u00e8ret\u00e9, elle pourrait passer des heures \u00e0 vous raconter ses histoires extraordinaires de maman ordinaire, et mettra pourtant [&hellip;]<\/p>\n","protected":false},"author":3,"featured_media":0,"parent":0,"menu_order":0,"comment_status":"closed","ping_status":"closed","template":"","meta":{"footnotes":""},"class_list":["post-1290","page","type-page","status-publish","hentry"],"_links":{"self":[{"href":"https:\/\/parolesdebb.com\/index.php?rest_route=\/wp\/v2\/pages\/1290","targetHints":{"allow":["GET"]}}],"collection":[{"href":"https:\/\/parolesdebb.com\/index.php?rest_route=\/wp\/v2\/pages"}],"about":[{"href":"https:\/\/parolesdebb.com\/index.php?rest_route=\/wp\/v2\/types\/page"}],"author":[{"embeddable":true,"href":"https:\/\/parolesdebb.com\/index.php?rest_route=\/wp\/v2\/users\/3"}],"replies":[{"embeddable":true,"href":"https:\/\/parolesdebb.com\/index.php?rest_route=%2Fwp%2Fv2%2Fcomments&post=1290"}],"version-history":[{"count":15,"href":"https:\/\/parolesdebb.com\/index.php?rest_route=\/wp\/v2\/pages\/1290\/revisions"}],"predecessor-version":[{"id":1383,"href":"https:\/\/parolesdebb.com\/index.php?rest_route=\/wp\/v2\/pages\/1290\/revisions\/1383"}],"wp:attachment":[{"href":"https:\/\/parolesdebb.com\/index.php?rest_route=%2Fwp%2Fv2%2Fmedia&parent=1290"}],"curies":[{"name":"wp","href":"https:\/\/api.w.org\/{rel}","templated":true}]}}