{"id":1277,"date":"2023-01-29T21:15:51","date_gmt":"2023-01-29T20:15:51","guid":{"rendered":"https:\/\/parolesdebb.com\/?page_id=1277"},"modified":"2024-01-22T11:17:55","modified_gmt":"2024-01-22T10:17:55","slug":"nous-trouver-nous-contacter","status":"publish","type":"page","link":"https:\/\/parolesdebb.com\/?page_id=1277","title":{"rendered":"Nous trouver"},"content":{"rendered":"\n<p>La plupart des ateliers (sauf mention contraire) se d\u00e9roulent \u00e0 la salle des toits bleus (salle de l&rsquo;amiti\u00e9), rue Henri Millet \u00e0 Ouzouer-sur-Loire.<\/p>\n\n\n\n<figure class=\"wp-block-image size-large\"><a href=\"https:\/\/parolesdebb.com\/wp-content\/uploads\/2023\/01\/toits_bleus.jpg\"><img loading=\"lazy\" decoding=\"async\" width=\"1024\" height=\"441\" src=\"https:\/\/parolesdebb.com\/wp-content\/uploads\/2023\/01\/toits_bleus-1024x441.jpg\" alt=\"\" class=\"wp-image-1278\" srcset=\"https:\/\/parolesdebb.com\/wp-content\/uploads\/2023\/01\/toits_bleus-1024x441.jpg 1024w, https:\/\/parolesdebb.com\/wp-content\/uploads\/2023\/01\/toits_bleus-300x129.jpg 300w, https:\/\/parolesdebb.com\/wp-content\/uploads\/2023\/01\/toits_bleus-768x331.jpg 768w, https:\/\/parolesdebb.com\/wp-content\/uploads\/2023\/01\/toits_bleus-624x269.jpg 624w, https:\/\/parolesdebb.com\/wp-content\/uploads\/2023\/01\/toits_bleus.jpg 1504w\" sizes=\"auto, (max-width: 1024px) 100vw, 1024px\" \/><\/a><figcaption class=\"wp-element-caption\">Photo du parking, \u00e0 l&rsquo;entr\u00e9e d&rsquo;Ouzouer-sur-Loire en venant de Gien, par la route de la centrale.<\/figcaption><\/figure>\n\n\n\n<p><\/p>\n\n\n\n<p>D&rsquo;autres ateliers se d\u00e9roulent \u00e0 la salle associative de Dampierre-en-Burly, au 9 rue Nationale, 45570 Dampierre en Burly (<em>coordonn\u00e9es GPS : 47\u00b045\u201938.9&Prime;N 2\u00b031\u201911.4&Prime;E <\/em>):<\/p>\n\n\n\n<div class=\"wp-block-group is-nowrap is-layout-flex wp-container-core-group-is-layout-ad2f72ca wp-block-group-is-layout-flex\">\n<figure class=\"wp-block-image size-full is-resized\"><a href=\"https:\/\/parolesdebb.com\/wp-content\/uploads\/2024\/01\/salle_dampierre.jpg\"><img loading=\"lazy\" decoding=\"async\" width=\"300\" height=\"169\" src=\"https:\/\/parolesdebb.com\/wp-content\/uploads\/2024\/01\/salle_dampierre.jpg\" alt=\"\" class=\"wp-image-1360\" style=\"width:310px;height:auto\"\/><\/a><\/figure>\n\n\n\n<figure class=\"wp-block-gallery alignright has-nested-images columns-default is-cropped wp-block-gallery-1 is-layout-flex wp-block-gallery-is-layout-flex\">\n<figure class=\"wp-block-image size-full\"><a href=\"https:\/\/parolesdebb.com\/wp-content\/uploads\/2024\/01\/entree_salle_dampierre.jpg\"><img loading=\"lazy\" decoding=\"async\" width=\"300\" height=\"169\" data-id=\"1361\" src=\"https:\/\/parolesdebb.com\/wp-content\/uploads\/2024\/01\/entree_salle_dampierre.jpg\" alt=\"\" class=\"wp-image-1361\"\/><\/a><\/figure>\n<\/figure>\n<\/div>\n\n\n\n<p><\/p>\n\n\n\n<p>Pour toute question, n&rsquo;h\u00e9sitez pas \u00e0 nous contacter par mail (parolesdebb at gmail.com) ou via Facebook : https:\/\/www.facebook.com\/Parolesdebb<\/p>\n\n\n\n<p><\/p>\n","protected":false},"excerpt":{"rendered":"<p>La plupart des ateliers (sauf mention contraire) se d\u00e9roulent \u00e0 la salle des toits bleus (salle de l&rsquo;amiti\u00e9), rue Henri Millet \u00e0 Ouzouer-sur-Loire. D&rsquo;autres ateliers se d\u00e9roulent \u00e0 la salle associative de Dampierre-en-Burly, au 9 rue Nationale, 45570 Dampierre en Burly (coordonn\u00e9es GPS : 47\u00b045\u201938.9&Prime;N 2\u00b031\u201911.4&Prime;E ): Pour toute question, n&rsquo;h\u00e9sitez pas \u00e0 nous contacter [&hellip;]<\/p>\n","protected":false},"author":3,"featured_media":0,"parent":0,"menu_order":0,"comment_status":"closed","ping_status":"closed","template":"","meta":{"footnotes":""},"class_list":["post-1277","page","type-page","status-publish","hentry"],"_links":{"self":[{"href":"https:\/\/parolesdebb.com\/index.php?rest_route=\/wp\/v2\/pages\/1277","targetHints":{"allow":["GET"]}}],"collection":[{"href":"https:\/\/parolesdebb.com\/index.php?rest_route=\/wp\/v2\/pages"}],"about":[{"href":"https:\/\/parolesdebb.com\/index.php?rest_route=\/wp\/v2\/types\/page"}],"author":[{"embeddable":true,"href":"https:\/\/parolesdebb.com\/index.php?rest_route=\/wp\/v2\/users\/3"}],"replies":[{"embeddable":true,"href":"https:\/\/parolesdebb.com\/index.php?rest_route=%2Fwp%2Fv2%2Fcomments&post=1277"}],"version-history":[{"count":3,"href":"https:\/\/parolesdebb.com\/index.php?rest_route=\/wp\/v2\/pages\/1277\/revisions"}],"predecessor-version":[{"id":1362,"href":"https:\/\/parolesdebb.com\/index.php?rest_route=\/wp\/v2\/pages\/1277\/revisions\/1362"}],"wp:attachment":[{"href":"https:\/\/parolesdebb.com\/index.php?rest_route=%2Fwp%2Fv2%2Fmedia&parent=1277"}],"curies":[{"name":"wp","href":"https:\/\/api.w.org\/{rel}","templated":true}]}}